{"id":5575,"date":"2017-08-08T10:10:12","date_gmt":"2017-08-08T10:10:12","guid":{"rendered":"http:\/\/wpdemos.themezaa.com\/pofo\/?page_id=5575"},"modified":"2020-02-28T17:22:47","modified_gmt":"2020-02-28T17:22:47","slug":"contactos","status":"publish","type":"page","link":"https:\/\/casa.dev.purpleprofile.pt\/?page_id=5575","title":{"rendered":"Contactos"},"content":{"rendered":"<section class=\"vc_row wpb_row vc_row-fluid  vc_custom_1549591547663 wow fadeIn\"><div class=\"wpb_column vc_column_container vc_col-sm-4  col-xs-mobile-fullwidth text-left md-text-left sm-text-left xs-text-left pofo-column-responsive-69e20cd3b335a\"><div class=\"vc_column-inner \"><div class=\"wpb_wrapper\"><h6 class=\"text-extra-dark-gray margin-20px-bottom font-weight-600 display-inline-block text-uppercase heading-style2  heading-1\"  style=\"font-size: 14px; line-height: 16px; font-weight: 600;\" data-fontsize=\"14px\" data-lineheight=\"16px\">Contactos<\/h6><div class=\"last-paragraph-no-margin\"><p class=\"center-col\"><a class=\"text-dark-gray\" href=\"tel:+351255340340\"><i class=\"fas fa-phone margin-5px-right\"><\/i> 255 340 340<\/a><br \/>\n<a class=\"text-dark-gray\" href=\"mailto:info@casa.dev.purpleprofile.pt\"><i class=\"far fa-envelope margin-5px-right\"><\/i>info@casa.dev.purpleprofile.pt<\/a><br \/>\n<a class=\"text-dark-gray\" href=\"mailto:bilheteira@casa.dev.purpleprofile.pt\"><i class=\"far fa-envelope margin-5px-right\"><\/i>bilheteira@casa.dev.purpleprofile.pt<\/a><\/p>\n<\/div><\/div><\/div><\/div><div class=\"wpb_column vc_column_container vc_col-sm-4  col-xs-mobile-fullwidth text-left md-text-left sm-text-left xs-text-left\"><div class=\"vc_column-inner \"><div class=\"wpb_wrapper\"><h6 class=\"text-extra-dark-gray margin-20px-bottom font-weight-600 display-inline-block text-uppercase heading-style2  heading-2\"  style=\"font-size: 14px; line-height: 16px; font-weight: 600;\" data-fontsize=\"14px\" data-lineheight=\"16px\">Morada<\/h6><div class=\"last-paragraph-no-margin\"><p>Avenida Doutor Magalh\u00e3es Lemos n\u00ba 54.<br \/>\n4610-106 Felgueiras<\/p>\n<\/div><\/div><\/div><\/div><div class=\"wpb_column vc_column_container vc_col-sm-4  col-xs-mobile-fullwidth text-left md-text-left sm-text-left xs-text-left\"><div class=\"vc_column-inner \"><div class=\"wpb_wrapper\"><h6 class=\"text-extra-dark-gray margin-20px-bottom font-weight-600 display-inline-block text-uppercase heading-style2  heading-3\"  style=\"font-size: 14px; line-height: 16px; font-weight: 600;\" data-fontsize=\"14px\" data-lineheight=\"16px\">Hor\u00e1rio<\/h6><div class=\"last-paragraph-no-margin\"><p><strong>2\u00aas feiras e Domingos sem espect\u00e1culo:<\/strong>\u00a0Encerrado.<br \/>\n<strong>Dias \u00fateis:<\/strong> 10h00 \u00e0s 12.30h e das 14h30\u00a0 \u00e0s 18h00.<br \/>\n<strong>S\u00e1bados:<\/strong> 14h30 \u00e0s 18h00.<br \/>\n<strong>6\u00aas feiras,\u00a0S\u00e1bados, Domingos e feriados:<\/strong> abre uma hora antes do in\u00edcio do espet\u00e1culo, encerra no final do evento.<\/p>\n<\/div><\/div><\/div><\/div><\/section><section class=\"vc_row wpb_row vc_row-fluid  vc_custom_1549591577088 wow fadeIn vc_row-o-content-middle vc_row-flex\"><div class=\"wpb_column vc_column_container vc_col-sm-12 vc_col-lg-6 vc_col-md-6 vc_col-xs-12 wow fadeIn text-center pofo-column-responsive-69e20cd3b3531\"><div class=\"vc_column-inner \"><div class=\"wpb_wrapper\"><div class=\"vc_row wpb_row vc_inner vc_row-fluid   pofo-inner-row-responsive-69e20cd3b358c\"><div class=\"wpb_column vc_column_container vc_col-sm-12  col-xs-mobile-fullwidth\"><div class=\"vc_column-inner \"><div class=\"wpb_wrapper\"><h6 class=\"text-extra-dark-gray margin-20px-bottom font-weight-600 display-inline-block alt-font text-uppercase heading-style2  vc_custom_1549592049782 pofo-button-responsive-69e20cd3b363b  heading-4\" >FORMUL\u00c1RIO DE CONTACTO<\/h6><div class=\"text-medium-gray text-small margin-5px-bottom alt-font text-uppercase heading-style4  vc_custom_1549592081139 pofo-button-responsive-69e20cd3b3659  heading-5\" >PARA MAIS INFORMA\u00c7\u00d5ES, POR FAVOR PREENCHA O FORMUL\u00c1RIO.<\/div>[contact-form-7 id=&#8221;2941&#8243;]<\/div><\/div><\/div><\/div><\/div><\/div><\/div><div class=\"wpb_column vc_column_container vc_col-sm-12 vc_col-lg-6 vc_col-md-6 vc_col-xs-12 wow fadeIn pofo-column-responsive-69e20cd3b367e\"><div class=\"vc_column-inner cover-background bg-position-center-center \"><div class=\"wpb_wrapper\"><div class=\"last-paragraph-no-margin\"><p><iframe loading=\"lazy\" style=\"border: 0;\" src=\"https:\/\/www.google.com\/maps\/embed?pb=!1m18!1m12!1m3!1d3929.285865300874!2d-8.200221013095419!3d41.3679862515793!2m3!1f0!2f0!3f0!3m2!1i1024!2i768!4f13.1!3m3!1m2!1s0x0%3A0x9d94133a9d9c16a6!2sCasa+das+Artes+de+Felgueiras!5e0!3m2!1spt-PT!2spt!4v1549591686035\" width=\"600\" height=\"450\" frameborder=\"0\" allowfullscreen=\"allowfullscreen\"><\/iframe><\/p>\n<\/div><\/div><\/div><\/div><\/section>\n","protected":false},"excerpt":{"rendered":"Contactos 255 340 340 info@casa.dev.purpleprofile.pt bilheteira@casa.dev.purpleprofile.pt MoradaAvenida Doutor Magalh\u00e3es Lemos n\u00ba 54. 4610-106 Felgueiras Hor\u00e1rio2\u00aas feiras e Domingos sem espect\u00e1culo:\u00a0Encerrado. Dias \u00fateis: 10h00 \u00e0s 12.30h e das 14h30\u00a0 \u00e0s 18h00. S\u00e1bados: 14h30 \u00e0s 18h00. 6\u00aas feiras,\u00a0S\u00e1bados, Domingos e feriados: abre uma hora antes do in\u00edcio do espet\u00e1culo, encerra no final do evento. FORMUL\u00c1RIO DE CONTACTOPARA MAIS INFORMA\u00c7\u00d5ES, POR FAVOR PREENCHA O FORMUL\u00c1RIO.[contact-form-7 id=\"2941\"]","protected":false},"author":1,"featured_media":0,"parent":0,"menu_order":0,"comment_status":"closed","ping_status":"closed","template":"","meta":{"footnotes":""},"_links":{"self":[{"href":"https:\/\/casa.dev.purpleprofile.pt\/index.php?rest_route=\/wp\/v2\/pages\/5575"}],"collection":[{"href":"https:\/\/casa.dev.purpleprofile.pt\/index.php?rest_route=\/wp\/v2\/pages"}],"about":[{"href":"https:\/\/casa.dev.purpleprofile.pt\/index.php?rest_route=\/wp\/v2\/types\/page"}],"author":[{"embeddable":true,"href":"https:\/\/casa.dev.purpleprofile.pt\/index.php?rest_route=\/wp\/v2\/users\/1"}],"replies":[{"embeddable":true,"href":"https:\/\/casa.dev.purpleprofile.pt\/index.php?rest_route=%2Fwp%2Fv2%2Fcomments&post=5575"}],"version-history":[{"count":39,"href":"https:\/\/casa.dev.purpleprofile.pt\/index.php?rest_route=\/wp\/v2\/pages\/5575\/revisions"}],"predecessor-version":[{"id":23539,"href":"https:\/\/casa.dev.purpleprofile.pt\/index.php?rest_route=\/wp\/v2\/pages\/5575\/revisions\/23539"}],"wp:attachment":[{"href":"https:\/\/casa.dev.purpleprofile.pt\/index.php?rest_route=%2Fwp%2Fv2%2Fmedia&parent=5575"}],"curies":[{"name":"wp","href":"https:\/\/api.w.org\/{rel}","templated":true}]}}