{"id":23221,"date":"2020-01-21T17:38:59","date_gmt":"2020-01-21T17:38:59","guid":{"rendered":"https:\/\/casa.dev.purpleprofile.pt\/?page_id=23221"},"modified":"2020-02-27T00:39:03","modified_gmt":"2020-02-27T00:39:03","slug":"projetos","status":"publish","type":"page","link":"https:\/\/casa.dev.purpleprofile.pt\/?page_id=23221","title":{"rendered":"Projetos"},"content":{"rendered":"<section class=\"vc_row wpb_row vc_row-fluid  vc_custom_1549551797016\"><div class=\"wpb_column vc_column_container vc_col-sm-12 vc_col-lg-12 vc_col-md-12 vc_col-xs-12 text-left md-text-left sm-text-left xs-text-left\"><div class=\"vc_column-inner \"><div class=\"wpb_wrapper\"><div class=\"last-paragraph-no-margin\"><h5>FICHA DE PROJETO<\/h5>\n<p><strong>Candidatura<\/strong> \u2013 \u201cReconvers\u00e3o da Escola de Ad\u00e3es Bermudes de Felgueiras para oficina de artes performativas \u2013 Sentium Aula \u201d<\/p>\n<p><strong>C\u00f3digo<\/strong> \u2013 NORTE-04-2316-FEDER-000175<\/p>\n<p><strong>Investimento Total eleg\u00edvel<\/strong> \u2013 1.494.736,17 \u20ac<\/p>\n<p><strong>Comparticipa\u00e7\u00e3o FEDER<\/strong> \u2013 1.270.525,74 \u20ac<\/p>\n<p><strong>Resumo<\/strong> \u2013 Com a opera\u00e7\u00e3o de reconvers\u00e3o da Escola de Ad\u00e3es Bermudes de Felgueiras para oficina de artes performativas \u2013 Sentium Aula, pretende-se assegurar a revitaliza\u00e7\u00e3o da vida urbana adaptando um edif\u00edcio hist\u00f3rico \u00e0 contemporaneidade e \u00e0 promo\u00e7\u00e3o das artes, tendo em conta a sua sustentabilidade ambiental, paisag\u00edstica e urban\u00edstica, visando a melhoria da qualidade de vida urbana das popula\u00e7\u00f5es, valorizando os ativos existentes e salvaguardando o patrim\u00f3nio edificado.<\/p>\n<p><strong><a href=\"https:\/\/casa.dev.purpleprofile.pt\/wp-content\/uploads\/2020\/01\/NORTE2020_Setium-Aula_Ficha_PROJETO.pdf\"><u>Download do Projeto<\/u><\/a><\/strong><\/p>\n<\/div>[vc_single_image image=&#8221;23243&#8243; img_size=&#8221;full&#8221; alignment=&#8221;center&#8221; onclick=&#8221;link_image&#8221; css=&#8221;.vc_custom_1579794842273{margin-right: 20% !important;margin-left: 20% !important;}&#8221;]<\/div><\/div><\/div><div class=\"wpb_column vc_column_container vc_col-sm-3 vc_col-lg-3 vc_col-md-3 vc_col-xs-1\"><div class=\"vc_column-inner \"><div class=\"wpb_wrapper\"><\/div><\/div><\/div><div class=\"wpb_column vc_column_container vc_col-sm-6 vc_col-lg-6 vc_col-md-6 vc_col-xs-1\"><div class=\"vc_column-inner \"><div class=\"wpb_wrapper\">[vc_single_image image=&#8221;23222&#8243; img_size=&#8221;full&#8221; alignment=&#8221;center&#8221; css=&#8221;.vc_custom_1579630196210{margin-top: 80px !important;}&#8221;]<\/div><\/div><\/div><div class=\"wpb_column vc_column_container vc_col-sm-3 vc_col-lg-3 vc_col-md-3 vc_col-xs-1\"><div class=\"vc_column-inner \"><div class=\"wpb_wrapper\"><\/div><\/div><\/div><\/section>\n","protected":false},"excerpt":{"rendered":"FICHA DE PROJETO Candidatura \u2013 \u201cReconvers\u00e3o da Escola de Ad\u00e3es Bermudes de Felgueiras para oficina de artes performativas \u2013 Sentium Aula \u201d C\u00f3digo \u2013 NORTE-04-2316-FEDER-000175 Investimento Total eleg\u00edvel \u2013 1.494.736,17 \u20ac Comparticipa\u00e7\u00e3o FEDER \u2013 1.270.525,74 \u20ac Resumo \u2013 Com a opera\u00e7\u00e3o de reconvers\u00e3o da Escola de Ad\u00e3es Bermudes de Felgueiras para oficina de artes performativas \u2013 Sentium Aula, pretende-se assegurar a revitaliza\u00e7\u00e3o da vida urbana adaptando um edif\u00edcio hist\u00f3rico \u00e0 contemporaneidade e \u00e0 promo\u00e7\u00e3o das artes, tendo em conta a sua sustentabilidade ambiental, paisag\u00edstica e urban\u00edstica, visando a melhoria da qualidade de vida urbana das popula\u00e7\u00f5es, valorizando os ativos existentes e salvaguardando o patrim\u00f3nio edificado. Download do Projeto [vc_single_image image=\"23243\" img_size=\"full\" alignment=\"center\" onclick=\"link_image\" css=\".vc_custom_1579794842273{margin-right: 20% !important;margin-left: 20% !important;}\"][vc_single_image image=\"23222\" img_size=\"full\" alignment=\"center\" css=\".vc_custom_1579630196210{margin-top: 80px !important;}\"]","protected":false},"author":1,"featured_media":0,"parent":0,"menu_order":0,"comment_status":"closed","ping_status":"closed","template":"","meta":{"footnotes":""},"_links":{"self":[{"href":"https:\/\/casa.dev.purpleprofile.pt\/index.php?rest_route=\/wp\/v2\/pages\/23221"}],"collection":[{"href":"https:\/\/casa.dev.purpleprofile.pt\/index.php?rest_route=\/wp\/v2\/pages"}],"about":[{"href":"https:\/\/casa.dev.purpleprofile.pt\/index.php?rest_route=\/wp\/v2\/types\/page"}],"author":[{"embeddable":true,"href":"https:\/\/casa.dev.purpleprofile.pt\/index.php?rest_route=\/wp\/v2\/users\/1"}],"replies":[{"embeddable":true,"href":"https:\/\/casa.dev.purpleprofile.pt\/index.php?rest_route=%2Fwp%2Fv2%2Fcomments&post=23221"}],"version-history":[{"count":12,"href":"https:\/\/casa.dev.purpleprofile.pt\/index.php?rest_route=\/wp\/v2\/pages\/23221\/revisions"}],"predecessor-version":[{"id":23254,"href":"https:\/\/casa.dev.purpleprofile.pt\/index.php?rest_route=\/wp\/v2\/pages\/23221\/revisions\/23254"}],"wp:attachment":[{"href":"https:\/\/casa.dev.purpleprofile.pt\/index.php?rest_route=%2Fwp%2Fv2%2Fmedia&parent=23221"}],"curies":[{"name":"wp","href":"https:\/\/api.w.org\/{rel}","templated":true}]}}