{"id":22526,"date":"2019-06-13T10:31:00","date_gmt":"2019-06-13T10:31:00","guid":{"rendered":"https:\/\/casa.dev.purpleprofile.pt\/?page_id=22526"},"modified":"2020-02-27T00:37:30","modified_gmt":"2020-02-27T00:37:30","slug":"bilheteira","status":"publish","type":"page","link":"https:\/\/casa.dev.purpleprofile.pt\/?page_id=22526","title":{"rendered":"Bilheteira"},"content":{"rendered":"<section class=\"vc_row wpb_row vc_row-fluid  vc_custom_1549551797016\"><div class=\"wpb_column vc_column_container  col-xs-mobile-fullwidth text-left md-text-left sm-text-left xs-text-left\"><div class=\"vc_column-inner \"><div class=\"wpb_wrapper\"><div class=\"last-paragraph-no-margin\"><h6><strong>Bilheteira Casa das Artes de Felgueiras<\/strong><\/h6>\n<p style=\"font-size: 20px;\"><strong>Hor\u00e1rio regular:<\/strong><\/p>\n<p><strong>2\u00aas feiras e Domingos sem espect\u00e1culo<\/strong> &#8211; Encerrado.<\/p>\n<p><strong>Dias \u00fateis sem espect\u00e1culo<\/strong>: 10h00 \u00e0s 12.30h e das 14h30\u00a0 \u00e0s 18h00.<\/p>\n<p><strong>S\u00e1bados<\/strong>: 14h30 \u00e0s 18h00<\/p>\n<p><strong>6\u00aas feiras,\u00a0S\u00e1bados, Domingos e feriados<\/strong>: abre uma hora antes do in\u00edcio do espet\u00e1culo, encerrando 30 minutos ap\u00f3s o seu in\u00edcio.<\/p>\n<p style=\"text-align: left;\"><b>Mobilidade Reduzida :\u00a0<\/b>2 Lugares.<\/p>\n<p style=\"font-size: 20px;\"><strong>Reservas<\/strong><\/p>\n<p>Telefone (no hor\u00e1rio da bilheteira): 255\u00a0340\u00a0340.<br \/>\nE-mail:\u00a0<a href=\"mailto:bilheteira@casa.dev.purpleprofile.pt\">bilheteira@casa.dev.purpleprofile.pt<\/a><\/p>\n<p>No site oficial: selecione o espet\u00e1culo pretendido e siga as instru\u00e7\u00f5es do formul\u00e1rio de reserva on-line.<\/p>\n<p>A reserva s\u00f3 \u00e9 v\u00e1lida ap\u00f3s confirma\u00e7\u00e3o enviada por correio eletr\u00f3nico (se efectuada por e-mail ou site) e fica ativa durante um per\u00edodo de 7 dias consecutivos (168 horas). *<br \/>\n* (caso o 7\u00ba dia de reserva seja um domingo ou feriado, o levantamento deve ser feito, no limite, no dia anterior)<\/p>\n<p><strong>N\u00e3o se aceitam reservas nos 5 dias \u00fateis que antecedem o espet\u00e1culo<\/strong>.<\/p>\n<p style=\"font-size: 20px;\"><strong>Devolu\u00e7\u00f5es<\/strong><\/p>\n<p>Se por motivos de for\u00e7a maior a data do espet\u00e1culo for alterada, os bilhetes adquiridos ser\u00e3o v\u00e1lidos para a data definitiva. Ser\u00e3o restitu\u00eddas aos espetadores que o exigirem, as import\u00e2ncias dos respetivos bilhetes sempre que n\u00e3o puder efetuar-se o espet\u00e1culo no local, data e hora marcados.<\/p>\n<p>Os bilhetes e o troco devem ser conferidos no acto da compra. N\u00e3o se aceitam trocas ou devolu\u00e7\u00f5es.<\/p>\n<\/div><a  href=\"https:\/\/ticketline.sapo.pt\/salas\/sala\/2181\" target=\"_blank\" class=\"btn pofo-button-1 button-style1  btn-dark-gray  btn-medium   vc_custom_1560422638750\" >Bilheteira Online<\/a><\/div><\/div><\/div><\/section>\n","protected":false},"excerpt":{"rendered":"Bilheteira Casa das Artes de Felgueiras Hor\u00e1rio regular: 2\u00aas feiras e Domingos sem espect\u00e1culo - Encerrado. Dias \u00fateis sem espect\u00e1culo: 10h00 \u00e0s 12.30h e das 14h30\u00a0 \u00e0s 18h00. S\u00e1bados: 14h30 \u00e0s 18h00 6\u00aas feiras,\u00a0S\u00e1bados, Domingos e feriados: abre uma hora antes do in\u00edcio do espet\u00e1culo, encerrando 30 minutos ap\u00f3s o seu in\u00edcio. Mobilidade Reduzida :\u00a02 Lugares. Reservas Telefone (no hor\u00e1rio da bilheteira): 255\u00a0340\u00a0340. E-mail:\u00a0bilheteira@casa.dev.purpleprofile.pt No site oficial: selecione o espet\u00e1culo pretendido e siga as instru\u00e7\u00f5es do formul\u00e1rio de reserva on-line. A reserva s\u00f3 \u00e9 v\u00e1lida ap\u00f3s confirma\u00e7\u00e3o enviada por correio eletr\u00f3nico (se efectuada por e-mail ou site) e fica ativa durante um per\u00edodo de 7 dias consecutivos (168 horas). * * (caso o 7\u00ba dia de reserva seja um domingo ou feriado, o levantamento deve ser feito, no limite, no dia anterior) N\u00e3o se aceitam reservas nos 5 dias \u00fateis que antecedem o espet\u00e1culo. Devolu\u00e7\u00f5es Se por motivos de for\u00e7a maior a data do espet\u00e1culo for alterada, os bilhetes adquiridos ser\u00e3o v\u00e1lidos para a data definitiva. Ser\u00e3o restitu\u00eddas aos espetadores que o exigirem, as import\u00e2ncias dos respetivos bilhetes sempre que n\u00e3o puder efetuar-se o espet\u00e1culo no local, data e hora marcados. Os bilhetes e o troco devem ser conferidos no...","protected":false},"author":1,"featured_media":0,"parent":0,"menu_order":0,"comment_status":"closed","ping_status":"closed","template":"","meta":{"footnotes":""},"_links":{"self":[{"href":"https:\/\/casa.dev.purpleprofile.pt\/index.php?rest_route=\/wp\/v2\/pages\/22526"}],"collection":[{"href":"https:\/\/casa.dev.purpleprofile.pt\/index.php?rest_route=\/wp\/v2\/pages"}],"about":[{"href":"https:\/\/casa.dev.purpleprofile.pt\/index.php?rest_route=\/wp\/v2\/types\/page"}],"author":[{"embeddable":true,"href":"https:\/\/casa.dev.purpleprofile.pt\/index.php?rest_route=\/wp\/v2\/users\/1"}],"replies":[{"embeddable":true,"href":"https:\/\/casa.dev.purpleprofile.pt\/index.php?rest_route=%2Fwp%2Fv2%2Fcomments&post=22526"}],"version-history":[{"count":21,"href":"https:\/\/casa.dev.purpleprofile.pt\/index.php?rest_route=\/wp\/v2\/pages\/22526\/revisions"}],"predecessor-version":[{"id":22578,"href":"https:\/\/casa.dev.purpleprofile.pt\/index.php?rest_route=\/wp\/v2\/pages\/22526\/revisions\/22578"}],"wp:attachment":[{"href":"https:\/\/casa.dev.purpleprofile.pt\/index.php?rest_route=%2Fwp%2Fv2%2Fmedia&parent=22526"}],"curies":[{"name":"wp","href":"https:\/\/api.w.org\/{rel}","templated":true}]}}