{"id":21219,"date":"2019-01-21T23:40:39","date_gmt":"2019-01-21T23:40:39","guid":{"rendered":"https:\/\/casa.dev.purpleprofile.pt\/?page_id=21219"},"modified":"2020-02-27T00:35:27","modified_gmt":"2020-02-27T00:35:27","slug":"personalidades","status":"publish","type":"page","link":"https:\/\/casa.dev.purpleprofile.pt\/?page_id=21219","title":{"rendered":"Personalidades"},"content":{"rendered":"<section class=\"vc_row wpb_row vc_row-fluid  vc_custom_1549553550127 wow fadeIn\"><div class=\"wpb_column vc_column_container vc_col-sm-12  col-xs-mobile-fullwidth wow fadeIn text-center pofo-column-responsive-69e204d5b3ffb\"><div class=\"vc_column-inner \"><div class=\"wpb_wrapper\"><h6 class=\"text-extra-large margin-25px-bottom display-inline-block alt-font text-uppercase heading-style3  vc_custom_1549553991396  heading-1\"  style=\"font-size: 18px; line-height: 22px; font-weight: 700;\" data-fontsize=\"18px\" data-lineheight=\"22px\">Ant\u00f3nio Jos\u00e9 da Fonseca Moreira<\/h6>[vc_separator color=&#8221;custom&#8221; border_width=&#8221;3&#8243; accent_color=&#8221;#666666&#8243; css=&#8221;.vc_custom_1549553915211{margin-bottom: 40px !important;}&#8221;]<div class=\" vc_custom_1549554035016 last-paragraph-no-margin pofo-text-block-responsive-69e204d5b4093\" style=\"width: 95%;\"><p class=\"text-medium line-height-30 text-medium-gray\" style=\"text-align: left;\">Filho de Jos\u00e9 Ant\u00f3nio da Fonseca e de Joaquina Rosa Moreira.<\/p>\n<p class=\"text-medium line-height-30 text-medium-gray\" style=\"text-align: left;\">Nasceu em Sendim \u2013 Felgueiras, em meados do s\u00e9culo XIX. Com 14 anos de idade foi para o Rio de Janeiro num navio de vela onde se fez homem e, pelo exerc\u00edcio de um trabalho honesto, adquiriu avultados bens de fortuna.<br \/>\nGeneroso, apoiou a constru\u00e7\u00e3o do Teatro Fonseca Moreira, efetuou v\u00e1rios melhoramentos em Sendim e apoiou v\u00e1rias institui\u00e7\u00f5es do concelho.<\/p>\n<p class=\"text-medium line-height-30 text-medium-gray\" style=\"text-align: left;\">Morreu, no Brasil, com 95 anos incompletos, a 3 de Junho de 1938, sendo posteriormente transladados os seus restos mortais, conforme sua vontade, para jazigo do cemit\u00e9rio da sua terra natal.<\/p>\n<\/div><\/div><\/div><\/div><\/section><section data-vc-full-width=\"true\" data-vc-full-width-init=\"false\" data-vc-stretch-content=\"true\" data-stellar-background-ratio=\"0.5\" class=\"vc_row wpb_row vc_row-fluid extra-big-section vc_custom_1549553822993 wow fadeIn vc_row-has-fill pofo-stretch-content vc_row-no-padding vc_row-o-equal-height vc_row-flex parallax\"><div class=\"bg-extra-dark-gray bg-overlay\" style=\"opacity:0.2; \"><\/div><div class=\"wpb_column vc_column_container vc_col-has-fill vc_col-sm-6 vc_col-lg-6 vc_col-md-6 vc_col-xs-12 wow fadeInRight pofo-column-responsive-69e204d5b4157\"><div class=\"vc_column-inner vc_custom_1548376147354\"><div class=\"wpb_wrapper\"><\/div><\/div><\/div><div class=\"wpb_column vc_column_container vc_col-sm-12 vc_col-lg-6 vc_col-md-6 vc_col-xs-12\"><div class=\"vc_column-inner vc_custom_1548378220343\"><div class=\"wpb_wrapper\"><div class=\"vc_row wpb_row vc_inner vc_row-fluid  vc_custom_1548378512100 pofo-inner-row-responsive-69e204d5b41d3\"><div class=\"wpb_column vc_column_container vc_col-sm-12  col-xs-mobile-fullwidth\"><div class=\"vc_column-inner \"><div class=\"wpb_wrapper\"><h4 class=\"text-extra-dark-gray margin-20px-bottom font-weight-600 display-inline-block alt-font heading-style2  vc_custom_1548376439887 pofo-button-responsive-69e204d5b4281  heading-2\"  style=\"width: 85%; font-weight: 600;\">Bibliografia \/ Pe\u00e7as<\/h4><\/div><\/div><\/div><div class=\"wpb_column vc_column_container vc_col-sm-6  col-xs-mobile-fullwidth\"><div class=\"vc_column-inner \"><div class=\"wpb_wrapper\"><ul class=\"no-padding list-style-4 list-style4-1 \"><li>T\u00edteres do Diabo<\/li><li>A Passagem do Mar Vermelho<\/li><li>O Diabo no Para\u00edso<\/li><li>Diabo \u00e0 Solta<\/li><li>Fantoches do diabo<\/li><li>Feiti\u00e7o contra o Feiticeiro<\/li><li>Nunca<\/li><li>Fausto<\/li><li>N\u00e3o \u00e9 ele<\/li><li>Cynicos<\/li><li>Beijos e Abra\u00e7os<\/li><li>Sobra do Diabo<\/li><li>Mel e Fel<\/li><li>O Amor e o Diabo<\/li><li>Reino da Loucura<\/li><li>Bar\u00e3o de Pombeiro<\/li><li>Filhos do Inferno<\/li><li>Mulheres do Pach\u00e1<\/li><\/ul><\/div><\/div><\/div><div class=\"wpb_column vc_column_container vc_col-sm-6  col-xs-mobile-fullwidth\"><div class=\"vc_column-inner \"><div class=\"wpb_wrapper\"><ul class=\"no-padding list-style-4 list-style4-2 \"><li>O Diabo na Aldeia<\/li><li>Guerra \u00e0s mulheres<\/li><li>Amor do Diabo<\/li><li>Amor e Saudade<\/li><li>A Estrela de Bel\u00e9m<\/li><li>Rua do Nuncio n.\u00ba 128<\/li><li>Bruchas e Phantasmas<\/li><li>Tr\u00eas Vezes Quatro<\/li><li>Diabos, Phantasmas e Credores<\/li><li>Os V\u00e2ndalos<\/li><li>O Mundo \u00e9 Assim<\/li><li>L\u00e1grimas Perdidas<\/li><li>Loucuras na Mocidade<\/li><li>L\u00e1grimas e Sorrisos<\/li><li>Filhos do C\u00e9u<\/li><li>Filhos do Purgat\u00f3rio<\/li><li>A Terra da Tromiss\u00e3o<\/li><\/ul><\/div><\/div><\/div><\/div><\/div><\/div><\/div><\/section><div class=\"vc_row-full-width vc_clearfix\"><\/div><section class=\"vc_row wpb_row vc_row-fluid  vc_custom_1549553633733 wow fadeIn\"><div class=\"wpb_column vc_column_container vc_col-sm-12  col-xs-mobile-fullwidth wow fadeIn sm-text-center pofo-column-responsive-69e204d5b43af\"><div class=\"vc_column-inner \"><div class=\"wpb_wrapper\"><div class=\"last-paragraph-no-margin\"><p class=\"text-medium line-height-30 text-medium-gray\" style=\"text-align: left;\">O Not\u00edcias de Felgueiras de 7 de Junho de 1938 ao anunciar a morte de Fonseca Moreira, assinalada no concelho pela coloca\u00e7\u00e3o da bandeira a meia haste nos edif\u00edcios da C\u00e2mara Municipal, Hospital Agostinho Ribeiro e Associa\u00e7\u00e3o dos Bombeiros, ilustra a generosidade deste felgueirense, elencando as disposi\u00e7\u00f5es do seu testamento, entre as quais se destacam os bens deixados:<\/p>\n<\/div><div class=\"vc_row wpb_row vc_inner vc_row-fluid  vc_custom_1549554738796\"><div class=\"wpb_column vc_column_container vc_col-sm-12  col-xs-mobile-fullwidth\"><div class=\"vc_column-inner \"><div class=\"wpb_wrapper\"><ul class=\"list-style-1 list-style1-1 \"><li class=\"margin-10px-bottom\">Santa Casa da Miseric\u00f3rdia de Felgueiras \u2013 Cem contos de Reis;<\/li><li class=\"margin-10px-bottom\">Corpora\u00e7\u00e3o do Bombeiros Volunt\u00e1rios de Felgueiras \u2013 Cinquenta contos de Reis;<\/li><li class=\"margin-10px-bottom\">C\u00e2mara Municipal do concelho \u2013 Cento e Vinte contos de Reis, sendo cem contos para constru\u00e7\u00e3o de uma escola p\u00fablica para ambos os sexos com a denomina\u00e7\u00e3o de escola Fonseca Moreira e que ser\u00e1 constru\u00edda em local que for escolhido pelo Sr. Dr. Jos\u00e9 de Castro Leal de Faria, not\u00e1rio da vila de Felgueiras e vinte contos de reis para melhoramentos no Teatro Fonseca Moreira, com a condi\u00e7\u00e3o de ser mantido esse nome no teatro.<\/li><li class=\"margin-10px-bottom\">Para melhoramentos a cada uma das igrejas das freguesias de Sendim, Pinheiro, S. Tom\u00e9 de Friande e Santa Quit\u00e9ria \u2013 Doze contos e quinhentos mil reis.<\/li><li class=\"margin-10px-bottom\">Este legado fica reduzido \u00e0 quarta parte em virtude de por \u00faltimo o testador as restantes tr\u00eas quartas partes em benef\u00edcio da continua\u00e7\u00e3o da estrada de Sendim que se denominar\u00e1 estrada Fonseca Moreira.<\/li><li class=\"margin-10px-bottom\">Para a constru\u00e7\u00e3o de uma fonte no lugar da Estradinha \u2013 Dez contos de Reis;<\/li><li class=\"margin-10px-bottom\">Para melhoramentos nas estradas que d\u00e3o para a Santa Quit\u00e9ria \u2013 Dez contos de Reis;<\/li><li class=\"margin-10px-bottom\">Para ser distribu\u00eddo pelo seu testamento aos pobres mais necessitados das freguesias de Sendim, S. Tom\u00e9 de Friande e Pinheiro concelho de Felgueiras \u2013 Cinquenta contos de Reis;<\/li><li class=\"margin-10px-bottom\">Ao Jornal de Felgueiras \u2013 Cinco contos de Reis;<\/li><li class=\"margin-10px-bottom\">Aos Bombeiros Volunt\u00e1rios da Lixa \u2013 Dez contos de Reis;<\/li><\/ul><\/div><\/div><\/div><\/div><\/div><\/div><\/div><\/section>\n","protected":false},"excerpt":{"rendered":"Ant\u00f3nio Jos\u00e9 da Fonseca Moreira[vc_separator color=\"custom\" border_width=\"3\" accent_color=\"#666666\" css=\".vc_custom_1549553915211{margin-bottom: 40px !important;}\"]Filho de Jos\u00e9 Ant\u00f3nio da Fonseca e de Joaquina Rosa Moreira. Nasceu em Sendim \u2013 Felgueiras, em meados do s\u00e9culo XIX. Com 14 anos de idade foi para o Rio de Janeiro num navio de vela onde se fez homem e, pelo exerc\u00edcio de um trabalho honesto, adquiriu avultados bens de fortuna. Generoso, apoiou a constru\u00e7\u00e3o do Teatro Fonseca Moreira, efetuou v\u00e1rios melhoramentos em Sendim e apoiou v\u00e1rias institui\u00e7\u00f5es do concelho. Morreu, no Brasil, com 95 anos incompletos, a 3 de Junho de 1938, sendo posteriormente transladados os seus restos mortais, conforme sua vontade, para jazigo do cemit\u00e9rio da sua terra natal. Bibliografia \/ Pe\u00e7asT\u00edteres do DiaboA Passagem do Mar VermelhoO Diabo no Para\u00edsoDiabo \u00e0 SoltaFantoches do diaboFeiti\u00e7o contra o FeiticeiroNuncaFaustoN\u00e3o \u00e9 eleCynicosBeijos e Abra\u00e7osSobra do DiaboMel e FelO Amor e o DiaboReino da LoucuraBar\u00e3o de PombeiroFilhos do InfernoMulheres do Pach\u00e1O Diabo na AldeiaGuerra \u00e0s mulheresAmor do DiaboAmor e SaudadeA Estrela de Bel\u00e9mRua do Nuncio n.\u00ba 128Bruchas e PhantasmasTr\u00eas Vezes QuatroDiabos, Phantasmas e CredoresOs V\u00e2ndalosO Mundo \u00e9 AssimL\u00e1grimas PerdidasLoucuras na MocidadeL\u00e1grimas e SorrisosFilhos do C\u00e9uFilhos do Purgat\u00f3rioA Terra da Tromiss\u00e3oO Not\u00edcias de Felgueiras de 7 de Junho de 1938 ao...","protected":false},"author":1,"featured_media":0,"parent":0,"menu_order":0,"comment_status":"closed","ping_status":"closed","template":"","meta":{"footnotes":""},"_links":{"self":[{"href":"https:\/\/casa.dev.purpleprofile.pt\/index.php?rest_route=\/wp\/v2\/pages\/21219"}],"collection":[{"href":"https:\/\/casa.dev.purpleprofile.pt\/index.php?rest_route=\/wp\/v2\/pages"}],"about":[{"href":"https:\/\/casa.dev.purpleprofile.pt\/index.php?rest_route=\/wp\/v2\/types\/page"}],"author":[{"embeddable":true,"href":"https:\/\/casa.dev.purpleprofile.pt\/index.php?rest_route=\/wp\/v2\/users\/1"}],"replies":[{"embeddable":true,"href":"https:\/\/casa.dev.purpleprofile.pt\/index.php?rest_route=%2Fwp%2Fv2%2Fcomments&post=21219"}],"version-history":[{"count":35,"href":"https:\/\/casa.dev.purpleprofile.pt\/index.php?rest_route=\/wp\/v2\/pages\/21219\/revisions"}],"predecessor-version":[{"id":21381,"href":"https:\/\/casa.dev.purpleprofile.pt\/index.php?rest_route=\/wp\/v2\/pages\/21219\/revisions\/21381"}],"wp:attachment":[{"href":"https:\/\/casa.dev.purpleprofile.pt\/index.php?rest_route=%2Fwp%2Fv2%2Fmedia&parent=21219"}],"curies":[{"name":"wp","href":"https:\/\/api.w.org\/{rel}","templated":true}]}}