{"id":21182,"date":"2019-01-09T16:19:59","date_gmt":"2019-01-09T16:19:59","guid":{"rendered":"https:\/\/casa.dev.purpleprofile.pt\/?page_id=21182"},"modified":"2021-05-12T18:29:23","modified_gmt":"2021-05-12T18:29:23","slug":"historia","status":"publish","type":"page","link":"https:\/\/casa.dev.purpleprofile.pt\/?page_id=21182","title":{"rendered":"Hist\u00f3ria"},"content":{"rendered":"<section class=\"vc_row wpb_row vc_row-fluid  vc_custom_1549551619324 wow fadeIn\"><div class=\"wpb_column vc_column_container vc_col-sm-12  col-xs-mobile-fullwidth wow fadeIn\"><div class=\"vc_column-inner \"><div class=\"wpb_wrapper\"><div class=\"vc_row wpb_row vc_inner vc_row-fluid  vc_custom_1549551512690\"><div class=\"wpb_column vc_column_container vc_col-sm-12  col-xs-mobile-fullwidth text-center sm-text-center\"><div class=\"vc_column-inner vc_custom_1549551537033\"><div class=\"wpb_wrapper\"><h6 class=\"text-extra-large margin-25px-bottom text-uppercase display-inline-block alt-font text-uppercase heading-style3  vc_custom_1549551316027 pofo-button-responsive-69e208726ab91  heading-1\"  style=\"font-size: 18px; line-height: 22px; font-weight: 700; color: #666666;\" data-fontsize=\"18px\" data-lineheight=\"22px\">Teatro Fonseca Moreira<\/h6>[vc_separator color=&#8221;custom&#8221; border_width=&#8221;3&#8243; accent_color=&#8221;#666666&#8243; css=&#8221;.vc_custom_1549551365269{margin-bottom: 40px !important;}&#8221;]<\/div><\/div><\/div><\/div><div class=\" vc_custom_1620844148989 last-paragraph-no-margin\"><p class=\"text-medium line-height-30 text-medium-gray\">O Teatro Fonseca Moreira resultou do sonho e trabalho de Ant\u00f3nio Jos\u00e9 da Fonseca Moreira, filho da terra que fez fortuna no Brasil, autodidata e amante da arte de palma.<\/p>\n<p class=\"text-medium line-height-30 text-medium-gray\">A inaugura\u00e7\u00e3o oficial ocorreu a 20 de Novembro de 1921, com a presen\u00e7a do pr\u00f3prio Fonseca Moreira e com a representa\u00e7\u00e3o da pe\u00e7a &#8220;Feiti\u00e7o contra Feiticeiro&#8221;, da sua autoria.<\/p>\n<p class=\"text-medium line-height-30 text-medium-gray\">Dia de gl\u00f3ria e satisfa\u00e7\u00e3o para Fonseca Moreira e para os felgueirenses. Estes, findo o 1\u00ba ato, pediram a presen\u00e7a do mesmo no palco e numa ova\u00e7\u00e3o entusiasta manifestaram o seu agradecimento e reconhecimento <em>&#8220;ao som de entrepitosas palmas com a pron\u00fancia de muitos bravos, sendo-lhe deitadas muitas flores ao palco e entregues muitos ramalhetes de flores primorosamente confecionados.&#8221;<\/em> (Teatro Fonseca Moreira &#8211; In: Jornal de Felgueiras, 26 de Novembro de 1921).<\/p>\n<p class=\"text-medium line-height-30 text-medium-gray\">O teatro conheceu tempos \u00e1ureos marcados pela presen\u00e7a de atores consagrados como Vasco Santana, Laura Alves, Ruy de Carvalho, Ant\u00f3nio Silva &#8211; Ribeirinho &#8211; e pela presen\u00e7a de consagradas companhias de teatro e revista, nomeadamente, Ida Stichini &#8211; Alves da Costa, Adelina &#8211; Aura Abranches, entre outras.<\/p>\n<p class=\"text-medium line-height-30 text-medium-gray\">Foi ainda palco de espet\u00e1culos musicais e de dan\u00e7a, de confer\u00eancias proferidas por figuras ilustres como Leonardo Coimbra e Teixeira de Pascoais, homenagens diversas, como a prestada ao Prof. Magalh\u00e3es Lemos, entre outras iniciativas que foram construindo a hist\u00f3ria j\u00e1 longa deste teatro.<\/p>\n<p class=\"text-medium line-height-30 text-medium-gray\">Foi ainda nesta sala que os felgueirenses puderam assistir \u00e0s primeiras proje\u00e7\u00f5es de fonofilmes, mais tarde \u00e0s fitas em tecnicolor, permitindo que diversas gera\u00e7\u00f5es acompanhassem as novidades da s\u00e9tima arte e visualizassem obras-primas da cinematografia.<\/p>\n<p class=\"text-medium line-height-30 text-medium-gray\">No seu palco, muitos felgueirenses ensaiaram e descobriram os seus dotes art\u00edsticos e in\u00fameras apresenta\u00e7\u00f5es foram efetuadas quer para angaria\u00e7\u00e3o de fundos para as obras da igreja Matriz ou para os Bombeiros Volunt\u00e1rios, quer para anima\u00e7\u00e3o de festas como o Natal ou simplesmente para dinamiza\u00e7\u00e3o da vida cultural de Felgueiras.<\/p>\n<\/div><\/div><\/div><\/div><\/section><section data-vc-full-width=\"true\" data-vc-full-width-init=\"false\" data-stellar-background-ratio=\"0.5\" class=\"vc_row wpb_row vc_row-fluid extra-big-section vc_custom_1547051525170 wow fadeIn vc_row-has-fill pofo-stretch-content pofo-stretch-row-container parallax\"><div class=\"bg-extra-dark-gray bg-overlay\" style=\"opacity:0.2; \"><\/div><div class=\"wpb_column vc_column_container vc_col-md-2 vc_hidden-sm col-xs-mobile-fullwidth\"><div class=\"vc_column-inner \"><div class=\"wpb_wrapper\"><\/div><\/div><\/div><div class=\"wpb_column vc_column_container vc_col-sm-12 vc_col-md-8 vc_col-xs-12 text-center pofo-column-responsive-69e208726acb1\"><div class=\"vc_column-inner vc_custom_1507549882524\"><div class=\"wpb_wrapper\"><h4 class=\"text-extra-dark-gray margin-20px-bottom font-weight-600 display-inline-block alt-font text-uppercase heading-style2  vc_custom_1547051835773 pofo-button-responsive-69e208726ace8  heading-2\"  style=\"font-weight: 600; color: #ffffff;\">Teatro Fonseca Moreira - In\u00edcio do S\u00e9culo XX<\/h4><\/div><\/div><\/div><div class=\"wpb_column vc_column_container vc_col-md-2 vc_hidden-sm col-xs-mobile-fullwidth\"><div class=\"vc_column-inner \"><div class=\"wpb_wrapper\"><\/div><\/div><\/div><\/section><div class=\"vc_row-full-width vc_clearfix\"><\/div><section class=\"vc_row wpb_row vc_row-fluid  vc_custom_1549551660750 wow fadeIn\"><div class=\"wpb_column vc_column_container vc_col-sm-12  col-xs-mobile-fullwidth wow fadeIn sm-text-center pofo-column-responsive-69e208726ad7a\"><div class=\"vc_column-inner \"><div class=\"wpb_wrapper\"><div class=\" vc_custom_1547051372021 last-paragraph-no-margin pofo-text-block-responsive-69e208726ade4\" style=\"width: 95%;\"><p class=\"text-medium line-height-30 text-medium-gray\">Na d\u00e9cada de 40 do s\u00e9c. XX, o Teatro vive tempos dif\u00edceis e tendo j\u00e1 como propriet\u00e1rio Jo\u00e3o Cardoso, do Porto, que manda efetuar obras de beneficia\u00e7\u00e3o, substituindo os habituais camarotes por balc\u00f5es e remodelando todo o soalho e cobertura do edif\u00edcio, reabra as portas, nos finais de 1949, com o filme <em>A Morgadinha dos Canaviais<\/em> cujos exteriores foram filmados na Casa de Sergude.<\/p>\n<p class=\"text-medium line-height-30 text-medium-gray\">Desde ent\u00e3o, a programa\u00e7\u00e3o cultural desta casa passa a ser constitu\u00edda maioritariamente por cinema, divulgada na imprensa local que vai noticiando as venturas e desventuras desta pequena j\u00f3ia do teatro portugu\u00eas.<\/p>\n<p class=\"text-medium line-height-30 text-medium-gray\">\u00c9, inclusive, em 1950 e 1951, que o teatro \u00e9 apetrechado com aparelhagem sonora e dupla aparelhagem de proje\u00e7\u00e3o que lhe permitiu a proje\u00e7\u00e3o de filme de maior metragem sem interrup\u00e7\u00f5es.<\/p>\n<p class=\"text-medium line-height-30 text-medium-gray\">Em 1997, ap\u00f3s per\u00edodo de inatividade, \u00e9 recuperado pela C\u00e2mara Municipal e classificado como im\u00f3vel de interesse p\u00fablico, encetando-se as dilig\u00eancias para a sua recupera\u00e7\u00e3o cujo projeto \u00e9 da autoria do Arq. Filipe Oliveira Dias que contou com a criatividade do pintor Jos\u00e9 Em\u00eddio na decora\u00e7\u00e3o do teto da sala de espet\u00e1culos.<\/p>\n<\/div><\/div><\/div><\/div><\/section><section class=\"vc_row wpb_row vc_row-fluid  vc_custom_1549551725067 wow fadeIn\"><div class=\"wpb_column vc_column_container vc_col-sm-4  col-xs-mobile-fullwidth wow fadeIn sm-text-center pofo-column-responsive-69e208726ae8c\"><div class=\"vc_column-inner \"><div class=\"wpb_wrapper\"><div class=\"portfolio-grid hover-option2 single-image-lightbox-wrapper\"><div class=\"grid-sizer\"><\/div><div  class=\"grid-item simple-image-lightbox  vc_custom_1548943683629\"><a class=\"single-image-lightbox\" href=\"https:\/\/casa.dev.purpleprofile.pt\/wp-content\/uploads\/2019\/01\/historia02.jpg\"  title=\"historia02\"><figure><div class=\"portfolio-img bg-extra-dark-gray\"><img loading=\"lazy\" decoding=\"async\" src=\"https:\/\/casa.dev.purpleprofile.pt\/wp-content\/uploads\/2019\/01\/historia02.jpg\"  alt=\"\" width=\"500\" height=\"334\" srcset=\"https:\/\/casa.dev.purpleprofile.pt\/wp-content\/uploads\/2019\/01\/historia02.jpg 500w, https:\/\/casa.dev.purpleprofile.pt\/wp-content\/uploads\/2019\/01\/historia02-300x200.jpg 300w, https:\/\/casa.dev.purpleprofile.pt\/wp-content\/uploads\/2019\/01\/historia02-81x54.jpg 81w\" sizes=\"(max-width: 500px) 100vw, 500px\" class=\"project-img-gallery\"\/><\/div><figcaption><div class=\"portfolio-hover-main text-center\"><div class=\"portfolio-hover-box vertical-align-middle\"><div class=\"portfolio-hover-content position-relative\"><i class=\"ti-zoom-in text-white fa-2x\"><\/i><\/div><\/div><\/div><\/figcaption><\/figure><\/a><\/div><\/div><\/div><\/div><\/div><div class=\"wpb_column vc_column_container vc_col-sm-4  col-xs-mobile-fullwidth\"><div class=\"vc_column-inner \"><div class=\"wpb_wrapper\"><div class=\"portfolio-grid hover-option2 single-image-lightbox-wrapper\"><div class=\"grid-sizer\"><\/div><div  class=\"grid-item simple-image-lightbox\"><a class=\"single-image-lightbox\" href=\"https:\/\/casa.dev.purpleprofile.pt\/wp-content\/uploads\/2019\/01\/historia03.jpg\"  title=\"historia03\"><figure><div class=\"portfolio-img bg-extra-dark-gray\"><img loading=\"lazy\" decoding=\"async\" src=\"https:\/\/casa.dev.purpleprofile.pt\/wp-content\/uploads\/2019\/01\/historia03.jpg\"  alt=\"\" width=\"500\" height=\"334\" srcset=\"https:\/\/casa.dev.purpleprofile.pt\/wp-content\/uploads\/2019\/01\/historia03.jpg 500w, https:\/\/casa.dev.purpleprofile.pt\/wp-content\/uploads\/2019\/01\/historia03-300x200.jpg 300w, https:\/\/casa.dev.purpleprofile.pt\/wp-content\/uploads\/2019\/01\/historia03-81x54.jpg 81w\" sizes=\"(max-width: 500px) 100vw, 500px\" class=\"project-img-gallery\"\/><\/div><figcaption><div class=\"portfolio-hover-main text-center\"><div class=\"portfolio-hover-box vertical-align-middle\"><div class=\"portfolio-hover-content position-relative\"><i class=\"ti-zoom-in text-white fa-2x\"><\/i><\/div><\/div><\/div><\/figcaption><\/figure><\/a><\/div><\/div><\/div><\/div><\/div><div class=\"wpb_column vc_column_container vc_col-sm-4  col-xs-mobile-fullwidth\"><div class=\"vc_column-inner \"><div class=\"wpb_wrapper\"><div class=\"portfolio-grid hover-option2 single-image-lightbox-wrapper\"><div class=\"grid-sizer\"><\/div><div  class=\"grid-item simple-image-lightbox\"><a class=\"single-image-lightbox\" href=\"https:\/\/casa.dev.purpleprofile.pt\/wp-content\/uploads\/2019\/01\/historia04.jpg\"  title=\"historia04\"><figure><div class=\"portfolio-img bg-extra-dark-gray\"><img loading=\"lazy\" decoding=\"async\" src=\"https:\/\/casa.dev.purpleprofile.pt\/wp-content\/uploads\/2019\/01\/historia04.jpg\"  alt=\"\" width=\"500\" height=\"334\" srcset=\"https:\/\/casa.dev.purpleprofile.pt\/wp-content\/uploads\/2019\/01\/historia04.jpg 500w, https:\/\/casa.dev.purpleprofile.pt\/wp-content\/uploads\/2019\/01\/historia04-300x200.jpg 300w, https:\/\/casa.dev.purpleprofile.pt\/wp-content\/uploads\/2019\/01\/historia04-81x54.jpg 81w\" sizes=\"(max-width: 500px) 100vw, 500px\" class=\"project-img-gallery\"\/><\/div><figcaption><div class=\"portfolio-hover-main text-center\"><div class=\"portfolio-hover-box vertical-align-middle\"><div class=\"portfolio-hover-content position-relative\"><i class=\"ti-zoom-in text-white fa-2x\"><\/i><\/div><\/div><\/div><\/figcaption><\/figure><\/a><\/div><\/div><\/div><\/div><\/div><\/section>\n","protected":false},"excerpt":{"rendered":"Teatro Fonseca Moreira[vc_separator color=\"custom\" border_width=\"3\" accent_color=\"#666666\" css=\".vc_custom_1549551365269{margin-bottom: 40px !important;}\"]O Teatro Fonseca Moreira resultou do sonho e trabalho de Ant\u00f3nio Jos\u00e9 da Fonseca Moreira, filho da terra que fez fortuna no Brasil, autodidata e amante da arte de palma. A inaugura\u00e7\u00e3o oficial ocorreu a 20 de Novembro de 1921, com a presen\u00e7a do pr\u00f3prio Fonseca Moreira e com a representa\u00e7\u00e3o da pe\u00e7a \"Feiti\u00e7o contra Feiticeiro\", da sua autoria. Dia de gl\u00f3ria e satisfa\u00e7\u00e3o para Fonseca Moreira e para os felgueirenses. Estes, findo o 1\u00ba ato, pediram a presen\u00e7a do mesmo no palco e numa ova\u00e7\u00e3o entusiasta manifestaram o seu agradecimento e reconhecimento \"ao som de entrepitosas palmas com a pron\u00fancia de muitos bravos, sendo-lhe deitadas muitas flores ao palco e entregues muitos ramalhetes de flores primorosamente confecionados.\" (Teatro Fonseca Moreira - In: Jornal de Felgueiras, 26 de Novembro de 1921). O teatro conheceu tempos \u00e1ureos marcados pela presen\u00e7a de atores consagrados como Vasco Santana, Laura Alves, Ruy de Carvalho, Ant\u00f3nio Silva - Ribeirinho - e pela presen\u00e7a de consagradas companhias de teatro e revista, nomeadamente, Ida Stichini - Alves da Costa, Adelina - Aura Abranches, entre outras. Foi ainda palco de espet\u00e1culos musicais e de dan\u00e7a, de confer\u00eancias proferidas por figuras...","protected":false},"author":1,"featured_media":0,"parent":0,"menu_order":0,"comment_status":"closed","ping_status":"closed","template":"","meta":{"footnotes":""},"_links":{"self":[{"href":"https:\/\/casa.dev.purpleprofile.pt\/index.php?rest_route=\/wp\/v2\/pages\/21182"}],"collection":[{"href":"https:\/\/casa.dev.purpleprofile.pt\/index.php?rest_route=\/wp\/v2\/pages"}],"about":[{"href":"https:\/\/casa.dev.purpleprofile.pt\/index.php?rest_route=\/wp\/v2\/types\/page"}],"author":[{"embeddable":true,"href":"https:\/\/casa.dev.purpleprofile.pt\/index.php?rest_route=\/wp\/v2\/users\/1"}],"replies":[{"embeddable":true,"href":"https:\/\/casa.dev.purpleprofile.pt\/index.php?rest_route=%2Fwp%2Fv2%2Fcomments&post=21182"}],"version-history":[{"count":34,"href":"https:\/\/casa.dev.purpleprofile.pt\/index.php?rest_route=\/wp\/v2\/pages\/21182\/revisions"}],"predecessor-version":[{"id":23575,"href":"https:\/\/casa.dev.purpleprofile.pt\/index.php?rest_route=\/wp\/v2\/pages\/21182\/revisions\/23575"}],"wp:attachment":[{"href":"https:\/\/casa.dev.purpleprofile.pt\/index.php?rest_route=%2Fwp%2Fv2%2Fmedia&parent=21182"}],"curies":[{"name":"wp","href":"https:\/\/api.w.org\/{rel}","templated":true}]}}